{"id":10,"date":"2017-10-24T09:00:55","date_gmt":"2017-10-24T07:00:55","guid":{"rendered":"http:\/\/tekton.ch\/?page_id=10"},"modified":"2025-04-21T16:44:29","modified_gmt":"2025-04-21T14:44:29","slug":"kontakt","status":"publish","type":"page","link":"http:\/\/tekton.ch\/?page_id=10","title":{"rendered":"Kontakt"},"content":{"rendered":"<h5 style=\"text-align: center;\">Ing. arch. Rudolf B\u00edna, autorizace \u010cKA \u010d.\u00a002976<\/h5>\n<h5 style=\"text-align: center;\">tel: +420 602 77 13 13<\/h5>\n<h5 style=\"text-align: center;\">e-mail: info@tekton.<strong>ch<\/strong><\/h5>\n<h5><\/h5>\n<h5 style=\"text-align: center;\"><\/h5>\n","protected":false},"excerpt":{"rendered":"<p>Ing. arch. Rudolf B\u00edna, autorizace \u010cKA \u010d.\u00a002976 tel: +420 602 77 13 13 e-mail: info@tekton.ch<\/p>\n","protected":false},"author":2,"featured_media":0,"parent":0,"menu_order":0,"comment_status":"closed","ping_status":"closed","template":"","meta":{"footnotes":""},"_links":{"self":[{"href":"http:\/\/tekton.ch\/index.php?rest_route=\/wp\/v2\/pages\/10"}],"collection":[{"href":"http:\/\/tekton.ch\/index.php?rest_route=\/wp\/v2\/pages"}],"about":[{"href":"http:\/\/tekton.ch\/index.php?rest_route=\/wp\/v2\/types\/page"}],"author":[{"embeddable":true,"href":"http:\/\/tekton.ch\/index.php?rest_route=\/wp\/v2\/users\/2"}],"replies":[{"embeddable":true,"href":"http:\/\/tekton.ch\/index.php?rest_route=%2Fwp%2Fv2%2Fcomments&post=10"}],"version-history":[{"count":7,"href":"http:\/\/tekton.ch\/index.php?rest_route=\/wp\/v2\/pages\/10\/revisions"}],"predecessor-version":[{"id":250,"href":"http:\/\/tekton.ch\/index.php?rest_route=\/wp\/v2\/pages\/10\/revisions\/250"}],"wp:attachment":[{"href":"http:\/\/tekton.ch\/index.php?rest_route=%2Fwp%2Fv2%2Fmedia&parent=10"}],"curies":[{"name":"wp","href":"https:\/\/api.w.org\/{rel}","templated":true}]}}